{"id":878,"date":"2019-06-03T11:20:33","date_gmt":"2019-06-03T14:20:33","guid":{"rendered":"http:\/\/ibdcivil.org.br\/?page_id=878"},"modified":"2019-09-23T23:20:47","modified_gmt":"2019-09-24T02:20:47","slug":"area-restrita","status":"publish","type":"page","link":"https:\/\/ibdcivil.org.br\/?page_id=878","title":{"rendered":"\u00c1rea Restrita"},"content":{"rendered":"<p>[et_pb_section fb_built=&#8221;1&#8243; _builder_version=&#8221;3.22&#8243; bb_built=&#8221;1&#8243; _i=&#8221;0&#8243; _address=&#8221;0&#8243;][et_pb_row _builder_version=&#8221;3.25&#8243; background_size=&#8221;initial&#8221; background_position=&#8221;top_left&#8221; background_repeat=&#8221;repeat&#8221; _i=&#8221;0&#8243; _address=&#8221;0.0&#8243; column_structure=&#8221;1_2,1_2&#8243;][et_pb_column type=&#8221;1_2&#8243; _builder_version=&#8221;3.25&#8243; custom_padding=&#8221;|||&#8221; _i=&#8221;0&#8243; _address=&#8221;0.0.0&#8243; custom_padding__hover=&#8221;|||&#8221;][et_pb_text _builder_version=&#8221;3.27.4&#8243; z_index_tablet=&#8221;500&#8243; text_text_shadow_horizontal_length_tablet=&#8221;0px&#8221; text_text_shadow_vertical_length_tablet=&#8221;0px&#8221; text_text_shadow_blur_strength_tablet=&#8221;1px&#8221; link_text_shadow_horizontal_length_tablet=&#8221;0px&#8221; link_text_shadow_vertical_length_tablet=&#8221;0px&#8221; link_text_shadow_blur_strength_tablet=&#8221;1px&#8221; ul_text_shadow_horizontal_length_tablet=&#8221;0px&#8221; ul_text_shadow_vertical_length_tablet=&#8221;0px&#8221; ul_text_shadow_blur_strength_tablet=&#8221;1px&#8221; ol_text_shadow_horizontal_length_tablet=&#8221;0px&#8221; ol_text_shadow_vertical_length_tablet=&#8221;0px&#8221; ol_text_shadow_blur_strength_tablet=&#8221;1px&#8221; quote_text_shadow_horizontal_length_tablet=&#8221;0px&#8221; quote_text_shadow_vertical_length_tablet=&#8221;0px&#8221; quote_text_shadow_blur_strength_tablet=&#8221;1px&#8221; header_text_shadow_horizontal_length_tablet=&#8221;0px&#8221; header_text_shadow_vertical_length_tablet=&#8221;0px&#8221; header_text_shadow_blur_strength_tablet=&#8221;1px&#8221; header_2_text_shadow_horizontal_length_tablet=&#8221;0px&#8221; header_2_text_shadow_vertical_length_tablet=&#8221;0px&#8221; header_2_text_shadow_blur_strength_tablet=&#8221;1px&#8221; header_3_text_shadow_horizontal_length_tablet=&#8221;0px&#8221; header_3_text_shadow_vertical_length_tablet=&#8221;0px&#8221; header_3_text_shadow_blur_strength_tablet=&#8221;1px&#8221; header_4_text_shadow_horizontal_length_tablet=&#8221;0px&#8221; header_4_text_shadow_vertical_length_tablet=&#8221;0px&#8221; header_4_text_shadow_blur_strength_tablet=&#8221;1px&#8221; header_5_text_shadow_horizontal_length_tablet=&#8221;0px&#8221; header_5_text_shadow_vertical_length_tablet=&#8221;0px&#8221; header_5_text_shadow_blur_strength_tablet=&#8221;1px&#8221; header_6_text_shadow_horizontal_length_tablet=&#8221;0px&#8221; header_6_text_shadow_vertical_length_tablet=&#8221;0px&#8221; header_6_text_shadow_blur_strength_tablet=&#8221;1px&#8221; box_shadow_horizontal_tablet=&#8221;0px&#8221; box_shadow_vertical_tablet=&#8221;0px&#8221; box_shadow_blur_tablet=&#8221;40px&#8221; box_shadow_spread_tablet=&#8221;0px&#8221; _i=&#8221;0&#8243; _address=&#8221;0.0.0.0&#8243;]<\/p>\n<p>Informe seus dados de acesso*<br \/>*Acesso restrito a membros do IBDCivil<\/p>\n<p>N\u00e3o \u00e9 associado?<br \/>Associado IBDCivil tem benef\u00edcios em todas as atividades promovidas pelo Instituto<\/p>\n<p>[\/et_pb_text][et_pb_button button_url=&#8221;\/associe-se\/&#8221; button_text=&#8221;ASSOCIE-SE&#8221; button_alignment=&#8221;center&#8221; _builder_version=&#8221;3.29.3&#8243; z_index_tablet=&#8221;500&#8243; hover_enabled=&#8221;0&#8243; button_text_shadow_horizontal_length_tablet=&#8221;0px&#8221; button_text_shadow_vertical_length_tablet=&#8221;0px&#8221; button_text_shadow_blur_strength_tablet=&#8221;1px&#8221; box_shadow_horizontal_tablet=&#8221;0px&#8221; box_shadow_vertical_tablet=&#8221;0px&#8221; box_shadow_blur_tablet=&#8221;40px&#8221; box_shadow_spread_tablet=&#8221;0px&#8221; _i=&#8221;1&#8243; _address=&#8221;0.0.0.1&#8243;][\/et_pb_button][\/et_pb_column][et_pb_column type=&#8221;1_2&#8243; _builder_version=&#8221;3.25&#8243; custom_padding=&#8221;|||&#8221; _i=&#8221;1&#8243; _address=&#8221;0.0.1&#8243; custom_padding__hover=&#8221;|||&#8221;][et_pb_code _builder_version=&#8221;3.29.3&#8243; hover_enabled=&#8221;0&#8243;]<div class=\"ihc-login-form-wrap ihc-login-template-6\"><form action=\"\" method=\"post\" id=\"ihc_login_form\"><input type=\"hidden\" name=\"ihcaction\" value=\"login\" \/><div class=\"impu-form-line-fr\"><span class=\"impu-form-label-fr impu-form-label-username\">Nome de usu\u00e1rio:<\/span><input type=\"text\" value=\"\" name=\"log\" id=\"iump_login_username\" \/><\/div><div class=\"impu-form-line-fr\"><span class=\"impu-form-label-fr impu-form-label-pass\">Senha:<\/span><input type=\"password\" value=\"\" id=\"iump_login_password\" name=\"pwd\" \/><\/div><div  class=\"impu-form-links\"><div class=\"impu-form-links-reg\"><a href=\"https:\/\/ibdcivil.org.br\/?page_id=1554\">Registrar<\/a><\/div><div class=\"impu-form-links-pass\"><a href=\"https:\/\/ibdcivil.org.br\/?page_id=1555\">Perdeu sua senha?<\/a><\/div><\/div><div class=\"impu-temp6-row\"><div class=\"impu-temp6-row-left\"><div class=\"impu-remember-wrapper\"><input type=\"checkbox\" value=\"forever\" name=\"rememberme\" class=\"impu-form-input-remember\" \/><span class=\"impu-form-label-fr impu-form-label-remember\">Lembrar-me<\/span> <\/div><\/div><div class=\"impu-form-line-fr impu-form-submit\"><input type=\"submit\" value=\"Entrar\" name=\"Submit\" \/><\/div><div class=\"iump-clear\"><\/div><\/div><\/form><\/div><script>\n\t\tjQuery(document).ready(\n\t\t\tfunction(){\n\t\t\t\tjQuery('#iump_login_username').on('blur', function(){\n\t\t\t\t\tihcCheckLoginField('log', 'Favor completar com todos os campos obrigat\u00f3rios');\n\t\t\t\t});\n\t\t\t\tjQuery('#iump_login_password').on('blur', function(){\n\t\t\t\t\tihcCheckLoginField('pwd', 'Favor completar com todos os campos obrigat\u00f3rios');\n\t\t\t\t});\n\t\t\t\tjQuery('#ihc_login_form').on('submit', function(e){\n\t\t\t\t\te.preventDefault();\n\t\t\t\t\tvar u = jQuery('#ihc_login_form [name=log]').val();\n\t\t\t\t\tvar p = jQuery('#ihc_login_form [name=pwd]').val();\n\t\t\t\t\tif (u!='' && p!=''){\n\t\t\t\t\t\tjQuery('#ihc_login_form').unbind('submit').submit();\n\t\t\t\t\t} else {\n\t\t\t\t\t\tihcCheckLoginField('log', 'Favor completar com todos os campos obrigat\u00f3rios');\n\t\t\t\t\t\tihcCheckLoginField('pwd', 'Favor completar com todos os campos obrigat\u00f3rios');\n\t\t\t\t\t\treturn FALSE;\n\t\t\t\t\t}\n\t\t\t\t});\n\t\t\t}\n\t\t);\n\t<\/script>[\/et_pb_code][\/et_pb_column][\/et_pb_row][\/et_pb_section]<\/p>\n","protected":false},"excerpt":{"rendered":"<p>Informe seus dados de acesso**Acesso restrito a membros do IBDCivilN\u00e3o \u00e9 associado?Associado IBDCivil tem benef\u00edcios em todas as atividades promovidas pelo Instituto <div class=\"ihc-login-form-wrap ihc-login-template-6\"><form action=\"\" method=\"post\" id=\"ihc_login_form\"><input type=\"hidden\" name=\"ihcaction\" value=\"login\" \/><div class=\"impu-form-line-fr\"><span class=\"impu-form-label-fr impu-form-label-username\">Nome de usu\u00e1rio:<\/span><input type=\"text\" value=\"\" name=\"log\" id=\"iump_login_username\" \/><\/div><div class=\"impu-form-line-fr\"><span class=\"impu-form-label-fr impu-form-label-pass\">Senha:<\/span><input type=\"password\" value=\"\" id=\"iump_login_password\" name=\"pwd\" \/><\/div><div  class=\"impu-form-links\"><div class=\"impu-form-links-reg\"><a href=\"https:\/\/ibdcivil.org.br\/?page_id=1554\">Registrar<\/a><\/div><div class=\"impu-form-links-pass\"><a href=\"https:\/\/ibdcivil.org.br\/?page_id=1555\">Perdeu sua senha?<\/a><\/div><\/div><div class=\"impu-temp6-row\"><div class=\"impu-temp6-row-left\"><div class=\"impu-remember-wrapper\"><input type=\"checkbox\" value=\"forever\" name=\"rememberme\" class=\"impu-form-input-remember\" \/><span class=\"impu-form-label-fr impu-form-label-remember\">Lembrar-me<\/span> <\/div><\/div><div class=\"impu-form-line-fr impu-form-submit\"><input type=\"submit\" value=\"Entrar\" name=\"Submit\" \/><\/div><div class=\"iump-clear\"><\/div><\/div><\/form><\/div><script>\n\t\tjQuery(document).ready(\n\t\t\tfunction(){\n\t\t\t\tjQuery('#iump_login_username').on('blur', function(){\n\t\t\t\t\tihcCheckLoginField('log', 'Favor completar com todos os campos obrigat\u00f3rios');\n\t\t\t\t});\n\t\t\t\tjQuery('#iump_login_password').on('blur', function(){\n\t\t\t\t\tihcCheckLoginField('pwd', 'Favor completar com todos os campos obrigat\u00f3rios');\n\t\t\t\t});\n\t\t\t\tjQuery('#ihc_login_form').on('submit', function(e){\n\t\t\t\t\te.preventDefault();\n\t\t\t\t\tvar u = jQuery('#ihc_login_form [name=log]').val();\n\t\t\t\t\tvar p = jQuery('#ihc_login_form [name=pwd]').val();\n\t\t\t\t\tif (u!='' && p!=''){\n\t\t\t\t\t\tjQuery('#ihc_login_form').unbind('submit').submit();\n\t\t\t\t\t} else {\n\t\t\t\t\t\tihcCheckLoginField('log', 'Favor completar com todos os campos obrigat\u00f3rios');\n\t\t\t\t\t\tihcCheckLoginField('pwd', 'Favor completar com todos os campos obrigat\u00f3rios');\n\t\t\t\t\t\treturn FALSE;\n\t\t\t\t\t}\n\t\t\t\t});\n\t\t\t}\n\t\t);\n\t<\/script><\/p>\n","protected":false},"author":1,"featured_media":0,"parent":0,"menu_order":0,"comment_status":"closed","ping_status":"closed","template":"","meta":{"_et_pb_use_builder":"on","_et_pb_old_content":"","_et_gb_content_width":"","footnotes":""},"class_list":["post-878","page","type-page","status-publish","hentry"],"_links":{"self":[{"href":"https:\/\/ibdcivil.org.br\/index.php?rest_route=\/wp\/v2\/pages\/878","targetHints":{"allow":["GET"]}}],"collection":[{"href":"https:\/\/ibdcivil.org.br\/index.php?rest_route=\/wp\/v2\/pages"}],"about":[{"href":"https:\/\/ibdcivil.org.br\/index.php?rest_route=\/wp\/v2\/types\/page"}],"author":[{"embeddable":true,"href":"https:\/\/ibdcivil.org.br\/index.php?rest_route=\/wp\/v2\/users\/1"}],"replies":[{"embeddable":true,"href":"https:\/\/ibdcivil.org.br\/index.php?rest_route=%2Fwp%2Fv2%2Fcomments&post=878"}],"version-history":[{"count":11,"href":"https:\/\/ibdcivil.org.br\/index.php?rest_route=\/wp\/v2\/pages\/878\/revisions"}],"predecessor-version":[{"id":1636,"href":"https:\/\/ibdcivil.org.br\/index.php?rest_route=\/wp\/v2\/pages\/878\/revisions\/1636"}],"wp:attachment":[{"href":"https:\/\/ibdcivil.org.br\/index.php?rest_route=%2Fwp%2Fv2%2Fmedia&parent=878"}],"curies":[{"name":"wp","href":"https:\/\/api.w.org\/{rel}","templated":true}]}}