{"id":596,"date":"2019-06-03T10:00:37","date_gmt":"2019-06-03T13:00:37","guid":{"rendered":"http:\/\/ibdcivil.org.br\/?page_id=596"},"modified":"2020-01-07T09:34:58","modified_gmt":"2020-01-07T12:34:58","slug":"diretoria","status":"publish","type":"page","link":"https:\/\/ibdcivil.org.br\/?page_id=596","title":{"rendered":"Diretoria"},"content":{"rendered":"<p>[et_pb_section fb_built=&#8221;1&#8243; _builder_version=&#8221;3.22&#8243;][et_pb_row column_structure=&#8221;1_3,1_3,1_3&#8243; _builder_version=&#8221;3.25&#8243; background_size=&#8221;initial&#8221; background_position=&#8221;top_left&#8221; background_repeat=&#8221;repeat&#8221;][et_pb_column type=&#8221;1_3&#8243; _builder_version=&#8221;3.25&#8243; custom_padding=&#8221;|||&#8221; custom_padding__hover=&#8221;|||&#8221;][et_pb_team_member name=&#8221;Gustavo Tepedino&#8221; position=&#8221;Presidente&#8221; image_url=&#8221;http:\/\/ibdcivil.org.br\/wp-content\/uploads\/2019\/06\/diretoria1.png&#8221; _builder_version=&#8221;3.24.1&#8243; header_text_align=&#8221;center&#8221; header_text_color=&#8221;#004282&#8243; header_font_size=&#8221;25px&#8221; position_font=&#8221;|||on|||||&#8221; position_text_align=&#8221;center&#8221; position_text_color=&#8221;#004282&#8243; position_font_size=&#8221;20px&#8221; text_orientation=&#8221;justified&#8221; z_index_tablet=&#8221;500&#8243; header_text_shadow_horizontal_length_tablet=&#8221;0px&#8221; header_text_shadow_vertical_length_tablet=&#8221;0px&#8221; header_text_shadow_blur_strength_tablet=&#8221;1px&#8221; body_text_shadow_horizontal_length_tablet=&#8221;0px&#8221; body_text_shadow_vertical_length_tablet=&#8221;0px&#8221; body_text_shadow_blur_strength_tablet=&#8221;1px&#8221; position_text_shadow_horizontal_length_tablet=&#8221;0px&#8221; position_text_shadow_vertical_length_tablet=&#8221;0px&#8221; position_text_shadow_blur_strength_tablet=&#8221;1px&#8221; body_link_text_shadow_horizontal_length_tablet=&#8221;0px&#8221; body_link_text_shadow_vertical_length_tablet=&#8221;0px&#8221; body_link_text_shadow_blur_strength_tablet=&#8221;1px&#8221; body_ul_text_shadow_horizontal_length_tablet=&#8221;0px&#8221; body_ul_text_shadow_vertical_length_tablet=&#8221;0px&#8221; body_ul_text_shadow_blur_strength_tablet=&#8221;1px&#8221; body_ol_text_shadow_horizontal_length_tablet=&#8221;0px&#8221; body_ol_text_shadow_vertical_length_tablet=&#8221;0px&#8221; body_ol_text_shadow_blur_strength_tablet=&#8221;1px&#8221; body_quote_text_shadow_horizontal_length_tablet=&#8221;0px&#8221; body_quote_text_shadow_vertical_length_tablet=&#8221;0px&#8221; body_quote_text_shadow_blur_strength_tablet=&#8221;1px&#8221; box_shadow_horizontal_tablet=&#8221;0px&#8221; box_shadow_vertical_tablet=&#8221;0px&#8221; box_shadow_blur_tablet=&#8221;40px&#8221; box_shadow_spread_tablet=&#8221;0px&#8221; box_shadow_horizontal_image_tablet=&#8221;0px&#8221; box_shadow_vertical_image_tablet=&#8221;0px&#8221; box_shadow_blur_image_tablet=&#8221;40px&#8221; box_shadow_spread_image_tablet=&#8221;0px&#8221; text_shadow_horizontal_length_tablet=&#8221;0px&#8221; text_shadow_vertical_length_tablet=&#8221;0px&#8221; text_shadow_blur_strength_tablet=&#8221;1px&#8221;]<\/p>\n<p>Professor Titular de Direito Civil e ex-Diretor da Faculdade de Direito da Universidade do Estado do Rio de Janeiro &#8211; UERJ.<\/p>\n<div>\n<p>Doutor em Direito Civil pela Universidade de Camerino (It\u00e1lia) e Livre-Docente pela Faculdade de Direito da UERJ.<\/p>\n<p>Professor Visitante das Universidades de Molise (It\u00e1lia); S\u00e3o Francisco (Calif\u00f3rnia \u2013 EUA) e Poitiers (Fran\u00e7a).<\/p>\n<p>Pesquisador Visitante do Instituto Max-Planck de Direito Privado Comparado e Internacional (Hamburgo \u2013 Alemanha).<\/p>\n<p>Membro da Academia Internacional de Direito Comparado (Paris, Fran\u00e7a); da Academia Brasileira de Letras Jur\u00eddicas (ABLJ); do Comitato Scientifico da Escola de P\u00f3s-Gradua\u00e7\u00e3o da Universidade de Camerino (It\u00e1lia); da Association Henri Capitant des Amis de la Culture Juridique Fran\u00e7aise; da Soci\u00e9t\u00e9 de Legislation Compar\u00e9e (Paris, Fran\u00e7a); e do Instituto dos Advogados Brasileiros \u2013 IAB.\u00a0<\/p>\n<p>Advogado, consultor e parecerista em Direito Privado.<\/p>\n<\/div>\n<p>[\/et_pb_team_member][\/et_pb_column][et_pb_column type=&#8221;1_3&#8243; _builder_version=&#8221;3.25&#8243; custom_padding=&#8221;|||&#8221; custom_padding__hover=&#8221;|||&#8221;][et_pb_team_member name=&#8221;Marcos Augusto de Albuquerque Ehrhardt J\u00fanior&#8221; position=&#8221;Vice-Presidente&#8221; image_url=&#8221;http:\/\/ibdcivil.org.br\/wp-content\/uploads\/2020\/01\/MARCOS-15-200&#215;300.jpg&#8221; _builder_version=&#8221;4.0.9&#8243; header_text_align=&#8221;center&#8221; header_text_color=&#8221;#004282&#8243; header_font_size=&#8221;25px&#8221; position_font=&#8221;|||on|||||&#8221; position_text_align=&#8221;center&#8221; position_text_color=&#8221;#004282&#8243; position_font_size=&#8221;20px&#8221; text_orientation=&#8221;justified&#8221; z_index_tablet=&#8221;500&#8243; hover_enabled=&#8221;0&#8243; header_text_shadow_horizontal_length_tablet=&#8221;0px&#8221; header_text_shadow_vertical_length_tablet=&#8221;0px&#8221; header_text_shadow_blur_strength_tablet=&#8221;1px&#8221; body_text_shadow_horizontal_length_tablet=&#8221;0px&#8221; body_text_shadow_vertical_length_tablet=&#8221;0px&#8221; body_text_shadow_blur_strength_tablet=&#8221;1px&#8221; position_text_shadow_horizontal_length_tablet=&#8221;0px&#8221; position_text_shadow_vertical_length_tablet=&#8221;0px&#8221; position_text_shadow_blur_strength_tablet=&#8221;1px&#8221; body_link_text_shadow_horizontal_length_tablet=&#8221;0px&#8221; body_link_text_shadow_vertical_length_tablet=&#8221;0px&#8221; body_link_text_shadow_blur_strength_tablet=&#8221;1px&#8221; body_ul_text_shadow_horizontal_length_tablet=&#8221;0px&#8221; body_ul_text_shadow_vertical_length_tablet=&#8221;0px&#8221; body_ul_text_shadow_blur_strength_tablet=&#8221;1px&#8221; body_ol_text_shadow_horizontal_length_tablet=&#8221;0px&#8221; body_ol_text_shadow_vertical_length_tablet=&#8221;0px&#8221; body_ol_text_shadow_blur_strength_tablet=&#8221;1px&#8221; body_quote_text_shadow_horizontal_length_tablet=&#8221;0px&#8221; body_quote_text_shadow_vertical_length_tablet=&#8221;0px&#8221; body_quote_text_shadow_blur_strength_tablet=&#8221;1px&#8221; box_shadow_horizontal_tablet=&#8221;0px&#8221; box_shadow_vertical_tablet=&#8221;0px&#8221; box_shadow_blur_tablet=&#8221;40px&#8221; box_shadow_spread_tablet=&#8221;0px&#8221; box_shadow_horizontal_image_tablet=&#8221;0px&#8221; box_shadow_vertical_image_tablet=&#8221;0px&#8221; box_shadow_blur_image_tablet=&#8221;40px&#8221; box_shadow_spread_image_tablet=&#8221;0px&#8221; text_shadow_horizontal_length_tablet=&#8221;0px&#8221; text_shadow_vertical_length_tablet=&#8221;0px&#8221; text_shadow_blur_strength_tablet=&#8221;1px&#8221;]Doutor em Direito pela Universidade Federal de Pernambuco (UFPE).<\/p>\n<p>Mestre pela Universidade Federal de Alagoas (UFAL).<\/p>\n<p>Professor de Direito Civil dos cursos de mestrado e gradua\u00e7\u00e3o da Universidade Federal de Alagoas.<\/p>\n<p>Professor de Direito Civil e Direito do Consumidor do Centro Universit\u00e1rio CESMAC.<\/p>\n<p>Pesquisador Visitante do Instituto Max-Planck de Direito Privado Comparado e Internacional (Hamburgo &#8211; Alemanha).<\/p>\n<p>L\u00edder do Grupo de Pesquisa Direito Privado e Contemporaneidade (UFAL).<\/p>\n<p>Editor da Revista F\u00f3rum de Direito Civil (RFDC).<\/p>\n<p>Presidente da Comiss\u00e3o Nacional de Enunciados do Instituto Brasileiro de Direito de Fam\u00edlia (IBDFAM).<\/p>\n<p>Membro Fundador do Instituto Brasileiro de Direito Contratual (IBDCont) e do Instituto Brasileiro de Estudos de Responsabilidade Civil (IBERC).<\/p>\n<p>Advogado.[\/et_pb_team_member][\/et_pb_column][et_pb_column type=&#8221;1_3&#8243; _builder_version=&#8221;3.25&#8243; custom_padding=&#8221;|||&#8221; custom_padding__hover=&#8221;|||&#8221;][et_pb_team_member name=&#8221;Ana Carla Harmatiuk Matos&#8221; position=&#8221;Vice-Presidente&#8221; image_url=&#8221;http:\/\/ibdcivil.org.br\/wp-content\/uploads\/2019\/06\/diretoria5.png&#8221; _builder_version=&#8221;3.24.1&#8243; header_text_align=&#8221;center&#8221; header_text_color=&#8221;#004282&#8243; header_font_size=&#8221;25px&#8221; position_font=&#8221;|||on|||||&#8221; position_text_align=&#8221;center&#8221; position_text_color=&#8221;#004282&#8243; position_font_size=&#8221;20px&#8221; text_orientation=&#8221;justified&#8221; z_index_tablet=&#8221;500&#8243; header_text_shadow_horizontal_length_tablet=&#8221;0px&#8221; header_text_shadow_vertical_length_tablet=&#8221;0px&#8221; header_text_shadow_blur_strength_tablet=&#8221;1px&#8221; body_text_shadow_horizontal_length_tablet=&#8221;0px&#8221; body_text_shadow_vertical_length_tablet=&#8221;0px&#8221; body_text_shadow_blur_strength_tablet=&#8221;1px&#8221; position_text_shadow_horizontal_length_tablet=&#8221;0px&#8221; position_text_shadow_vertical_length_tablet=&#8221;0px&#8221; position_text_shadow_blur_strength_tablet=&#8221;1px&#8221; body_link_text_shadow_horizontal_length_tablet=&#8221;0px&#8221; body_link_text_shadow_vertical_length_tablet=&#8221;0px&#8221; body_link_text_shadow_blur_strength_tablet=&#8221;1px&#8221; body_ul_text_shadow_horizontal_length_tablet=&#8221;0px&#8221; body_ul_text_shadow_vertical_length_tablet=&#8221;0px&#8221; body_ul_text_shadow_blur_strength_tablet=&#8221;1px&#8221; body_ol_text_shadow_horizontal_length_tablet=&#8221;0px&#8221; body_ol_text_shadow_vertical_length_tablet=&#8221;0px&#8221; body_ol_text_shadow_blur_strength_tablet=&#8221;1px&#8221; body_quote_text_shadow_horizontal_length_tablet=&#8221;0px&#8221; body_quote_text_shadow_vertical_length_tablet=&#8221;0px&#8221; body_quote_text_shadow_blur_strength_tablet=&#8221;1px&#8221; box_shadow_horizontal_tablet=&#8221;0px&#8221; box_shadow_vertical_tablet=&#8221;0px&#8221; box_shadow_blur_tablet=&#8221;40px&#8221; box_shadow_spread_tablet=&#8221;0px&#8221; box_shadow_horizontal_image_tablet=&#8221;0px&#8221; box_shadow_vertical_image_tablet=&#8221;0px&#8221; box_shadow_blur_image_tablet=&#8221;40px&#8221; box_shadow_spread_image_tablet=&#8221;0px&#8221; text_shadow_horizontal_length_tablet=&#8221;0px&#8221; text_shadow_vertical_length_tablet=&#8221;0px&#8221; text_shadow_blur_strength_tablet=&#8221;1px&#8221;]<\/p>\n<p>Doutora em Direito Civil\u00a0pela Universidade Federal do Paran\u00e1 &#8211; UFPR.<\/p>\n<p>Mestre em Derecho Humano pela Universidad Internacional de Andaluc\u00eda, Espanha.<\/p>\n<p>Tuttora Diritto na Universidade di Pisa,\u00a0Italia.<\/p>\n<p>Diretora da regi\u00e3o Sul do IBDFAM.<\/p>\n<p>Professora de Direito Civil, Direitos Humanos e Novos Direitos nos cursos de gradua\u00e7\u00e3o, mestrado e doutorado da\u00a0UFPR.<\/p>\n<p>Advogada com \u00eanfase em\u00a0Direito de Familia.<\/p>\n<p>Autora de v\u00e1rias obras jur\u00eddicas.<\/p>\n<p>\u00a0<\/p>\n<p>[\/et_pb_team_member][\/et_pb_column][\/et_pb_row][et_pb_row _builder_version=&#8221;3.29.3&#8243;][et_pb_column type=&#8221;4_4&#8243; _builder_version=&#8221;3.29.3&#8243;][et_pb_divider show_divider=&#8221;off&#8221; _builder_version=&#8221;3.29.3&#8243;][\/et_pb_divider][et_pb_text _builder_version=&#8221;4.0.9&#8243;]<\/p>\n<p><strong>Diretoria Executiva<\/strong><\/p>\n<p>Gustavo Tepedino<br \/>Presidente<\/p>\n<p>Marcos Ehrhardt J\u00fanior<br \/>Vice-Presidente<\/p>\n<p>Ana Carla Harmatiuk<br \/>Vice-Presidente<\/p>\n<p>Milena Donato Oliva<br \/>Secret\u00e1ria Geral<\/p>\n<p>Jo\u00e3o Quinelato de Queiroz<br \/>Diretor Tesoureiro<\/p>\n<p>&nbsp;<\/p>\n<p>[\/et_pb_text][\/et_pb_column][\/et_pb_row][\/et_pb_section]<\/p>\n","protected":false},"excerpt":{"rendered":"<p>Professor Titular de Direito Civil e ex-Diretor da Faculdade de Direito da Universidade do Estado do Rio de Janeiro &#8211; UERJ. Doutor em Direito Civil pela Universidade de Camerino (It\u00e1lia) e Livre-Docente pela Faculdade de Direito da UERJ. Professor Visitante das Universidades de Molise (It\u00e1lia); S\u00e3o Francisco (Calif\u00f3rnia \u2013 EUA) e Poitiers (Fran\u00e7a). Pesquisador Visitante [&hellip;]<\/p>\n","protected":false},"author":1,"featured_media":0,"parent":0,"menu_order":0,"comment_status":"closed","ping_status":"closed","template":"","meta":{"_et_pb_use_builder":"on","_et_pb_old_content":"","_et_gb_content_width":"","footnotes":""},"class_list":["post-596","page","type-page","status-publish","hentry"],"_links":{"self":[{"href":"https:\/\/ibdcivil.org.br\/index.php?rest_route=\/wp\/v2\/pages\/596","targetHints":{"allow":["GET"]}}],"collection":[{"href":"https:\/\/ibdcivil.org.br\/index.php?rest_route=\/wp\/v2\/pages"}],"about":[{"href":"https:\/\/ibdcivil.org.br\/index.php?rest_route=\/wp\/v2\/types\/page"}],"author":[{"embeddable":true,"href":"https:\/\/ibdcivil.org.br\/index.php?rest_route=\/wp\/v2\/users\/1"}],"replies":[{"embeddable":true,"href":"https:\/\/ibdcivil.org.br\/index.php?rest_route=%2Fwp%2Fv2%2Fcomments&post=596"}],"version-history":[{"count":15,"href":"https:\/\/ibdcivil.org.br\/index.php?rest_route=\/wp\/v2\/pages\/596\/revisions"}],"predecessor-version":[{"id":1784,"href":"https:\/\/ibdcivil.org.br\/index.php?rest_route=\/wp\/v2\/pages\/596\/revisions\/1784"}],"wp:attachment":[{"href":"https:\/\/ibdcivil.org.br\/index.php?rest_route=%2Fwp%2Fv2%2Fmedia&parent=596"}],"curies":[{"name":"wp","href":"https:\/\/api.w.org\/{rel}","templated":true}]}}