{"id":1420,"date":"2019-06-25T22:18:39","date_gmt":"2019-06-26T01:18:39","guid":{"rendered":"http:\/\/ibdcivil.org.br\/?page_id=1420"},"modified":"2022-11-20T17:10:33","modified_gmt":"2022-11-20T20:10:33","slug":"associe-se","status":"publish","type":"page","link":"https:\/\/ibdcivil.org.br\/?page_id=1420","title":{"rendered":"Associe-se"},"content":{"rendered":"<p>[et_pb_section fb_built=&#8221;1&#8243; _builder_version=&#8221;4.16&#8243; global_colors_info=&#8221;{}&#8221;][et_pb_row column_structure=&#8221;3_5,2_5&#8243; _builder_version=&#8221;4.16&#8243; hover_enabled=&#8221;0&#8243; global_colors_info=&#8221;{}&#8221; sticky_enabled=&#8221;0&#8243;][et_pb_column type=&#8221;3_5&#8243; _builder_version=&#8221;4.16&#8243; global_colors_info=&#8221;{}&#8221;][et_pb_text _builder_version=&#8221;4.16&#8243; global_colors_info=&#8221;{}&#8221;]<\/p>\n<p style=\"font-weight: 400;\"><strong>Benef\u00edcios<\/strong><\/p>\n<p style=\"font-weight: 400;\">Descontos em todos os cursos e atividades promovidas pelo Instituto;<\/p>\n<p style=\"font-weight: 400;\">Desconto na assinatura da Revista Brasileira de Direito Civil;<\/p>\n<p style=\"font-weight: 400;\">Acesso a v\u00eddeos exclusivos de palestras proferidas pelos principais doutrinadores nacionais e internacionais nos congressos do Instituto;<\/p>\n<p style=\"font-weight: 400;\">Divulga\u00e7\u00e3o das atividades cient\u00edficas, de forma gratuita, por meio de Newsletter e das redes sociais.<\/p>\n<p>[\/et_pb_text][\/et_pb_column][et_pb_column type=&#8221;2_5&#8243; _builder_version=&#8221;4.16&#8243; global_colors_info=&#8221;{}&#8221;][et_pb_code _builder_version=&#8221;4.19.0&#8243; hover_enabled=&#8221;0&#8243; global_colors_info=&#8221;{}&#8221; sticky_enabled=&#8221;0&#8243;]<!-- [et_pb_line_break_holder] --><style>.ich_level_wrap{}<\/style><div class=\"ich_level_wrap ihc_level_template_2\"><div class=\"ihc-level-item\"><div class=\"ihc-level-item-top\"><div class=\"ihc-level-item-title\">ASSOCIA\u00c7\u00c3O 2026<\/div><\/div><div class=\"ihc-level-item-price\">360<\/div><div class=\"ihc-level-item-content\">Valor pr\u00f3-rata da Associa\u00e7\u00e3o 2026<\/div><div class=\"ihc-level-item-bottom\"><div onClick=\"ihcBuyNewLevel('https:\/\/ibdcivil.org.br\/?page_id=1554&lid=7');\" class=\"ihc-level-item-link \" style=\"cursor: pointer;\">Inscrever-se<\/div><div class=\"iump-clear\"><\/div><\/div><\/div><\/div>[\/et_pb_code][\/et_pb_column][\/et_pb_row][\/et_pb_section]<\/p>\n","protected":false},"excerpt":{"rendered":"<p>Benef\u00edcios Descontos em todos os cursos e atividades promovidas pelo Instituto; Desconto na assinatura da Revista Brasileira de Direito Civil; Acesso a v\u00eddeos exclusivos de palestras proferidas pelos principais doutrinadores nacionais e internacionais nos congressos do Instituto; Divulga\u00e7\u00e3o das atividades cient\u00edficas, de forma gratuita, por meio de Newsletter e das redes sociais.<style>.ich_level_wrap{}<\/style><div class=\"ich_level_wrap ihc_level_template_2\"><div class=\"ihc-level-item\"><div class=\"ihc-level-item-top\"><div class=\"ihc-level-item-title\">ASSOCIA\u00c7\u00c3O 2026<\/div><\/div><div class=\"ihc-level-item-price\">360<\/div><div class=\"ihc-level-item-content\">Valor pr\u00f3-rata da Associa\u00e7\u00e3o 2026<\/div><div class=\"ihc-level-item-bottom\"><div onClick=\"ihcBuyNewLevel('https:\/\/ibdcivil.org.br\/?page_id=1554&lid=7');\" class=\"ihc-level-item-link \" style=\"cursor: pointer;\">Inscrever-se<\/div><div class=\"iump-clear\"><\/div><\/div><\/div><\/div><\/p>\n","protected":false},"author":1,"featured_media":0,"parent":0,"menu_order":0,"comment_status":"closed","ping_status":"closed","template":"","meta":{"_et_pb_use_builder":"on","_et_pb_old_content":"","_et_gb_content_width":"","footnotes":""},"class_list":["post-1420","page","type-page","status-publish","hentry"],"_links":{"self":[{"href":"https:\/\/ibdcivil.org.br\/index.php?rest_route=\/wp\/v2\/pages\/1420","targetHints":{"allow":["GET"]}}],"collection":[{"href":"https:\/\/ibdcivil.org.br\/index.php?rest_route=\/wp\/v2\/pages"}],"about":[{"href":"https:\/\/ibdcivil.org.br\/index.php?rest_route=\/wp\/v2\/types\/page"}],"author":[{"embeddable":true,"href":"https:\/\/ibdcivil.org.br\/index.php?rest_route=\/wp\/v2\/users\/1"}],"replies":[{"embeddable":true,"href":"https:\/\/ibdcivil.org.br\/index.php?rest_route=%2Fwp%2Fv2%2Fcomments&post=1420"}],"version-history":[{"count":9,"href":"https:\/\/ibdcivil.org.br\/index.php?rest_route=\/wp\/v2\/pages\/1420\/revisions"}],"predecessor-version":[{"id":2299,"href":"https:\/\/ibdcivil.org.br\/index.php?rest_route=\/wp\/v2\/pages\/1420\/revisions\/2299"}],"wp:attachment":[{"href":"https:\/\/ibdcivil.org.br\/index.php?rest_route=%2Fwp%2Fv2%2Fmedia&parent=1420"}],"curies":[{"name":"wp","href":"https:\/\/api.w.org\/{rel}","templated":true}]}}